{"id":2,"date":"2025-08-14T10:55:09","date_gmt":"2025-08-14T10:55:09","guid":{"rendered":"http:\/\/www.mpilates.ee\/?page_id=2"},"modified":"2026-02-14T22:09:17","modified_gmt":"2026-02-14T22:09:17","slug":"sample-page","status":"publish","type":"page","link":"https:\/\/www.mpilates.ee\/index.php\/sample-page\/","title":{"rendered":"Pilatesest"},"content":{"rendered":"\n<figure class=\"wp-block-image size-large\"><img loading=\"lazy\" decoding=\"async\" width=\"990\" height=\"1024\" src=\"https:\/\/www.mpilates.ee\/wp-content\/uploads\/2025\/08\/Pilates_shortspine-990x1024.jpg\" alt=\"\" class=\"wp-image-70\" srcset=\"https:\/\/www.mpilates.ee\/wp-content\/uploads\/2025\/08\/Pilates_shortspine-990x1024.jpg 990w, https:\/\/www.mpilates.ee\/wp-content\/uploads\/2025\/08\/Pilates_shortspine-290x300.jpg 290w, https:\/\/www.mpilates.ee\/wp-content\/uploads\/2025\/08\/Pilates_shortspine-768x794.jpg 768w, https:\/\/www.mpilates.ee\/wp-content\/uploads\/2025\/08\/Pilates_shortspine-480x496.jpg 480w, https:\/\/www.mpilates.ee\/wp-content\/uploads\/2025\/08\/Pilates_shortspine.jpg 1176w\" sizes=\"auto, (max-width: 990px) 100vw, 990px\" \/><\/figure>\n\n\n\n<p class=\"wp-block-paragraph\">Pilatese treenings\u00fcsteem keskendub teadlikule liikumisele, s\u00fcvalihaste tugevdamisele ja kehahoiaku parandamisele. Harjutused sooritatakse rahulikus tempos, keskendudes hingamisele, tunnetusele ja liigutuste kvaliteedile, mitte suurtele raskustele ja kiirusele. <\/p>\n\n\n\n<p class=\"wp-block-paragraph\">Selle treeningmeetodi looja, Joseph Pilates, uskus, et liikumine peab olema tasakaalus j\u00f5u, painduvuse ja kontrolliga. Harjutused arendavad eelk\u00f5ige keha \u201ej\u00f5ujaama\u201c \u2013 k\u00f5hu, selja, vaagnap\u00f5hja ja puusade s\u00fcvalihaseid.<\/p>\n\n\n\n<p class=\"wp-block-paragraph\">Pilatesetreeningud sobivad igas vanuses ja erineva treenitustasemega inimestele. See on suurep\u00e4rane nii taastumiseks p\u00e4rast vigastust kui ka m\u00f5nda spordiala toetavaks treeninguks. Regulaarne harjutamine aitab v\u00e4hendada lihaspingeid, parandada r\u00fchti ja suurendada keha teadlikkust ning vabaneda paljudest valudest ja vaevustest.<\/p>\n\n\n\n<p class=\"wp-block-paragraph\">Treeningud v\u00f5ivad toimuda matil v\u00f5i spetsiaalsetel seadmetel, nagu reformer, cadillac ja pilatese tool. Iga harjutus on kohandatav \u2013 kogenud treener leiab alati sinu kehale ja vajadustele sobiva variandi.<\/p>\n\n\n\n<p class=\"wp-block-paragraph\">Pilates ei ole pelgalt f\u00fc\u00fcsiline treening, vaid ka vaimne keskendumine. Hingamine juhib liikumist ja loob meelerahu, mis kandub \u00fcle igap\u00e4evaellu.<\/p>\n\n\n\n<p class=\"wp-block-paragraph\">Kui soovid liikuda teadlikult, tugevdada oma keha tervikuna ja tunda end energilisemana, on pilates suurep\u00e4rane valik. See on investeering sinu tervisesse, mis annab tulemusi kogu eluks.<\/p>\n\n\n\n<p class=\"wp-block-paragraph\"><\/p>\n","protected":false},"excerpt":{"rendered":"<p>Pilatese treenings\u00fcsteem keskendub teadlikule liikumisele, s\u00fcvalihaste tugevdamisele ja kehahoiaku parandamisele. Harjutused sooritatakse rahulikus tempos, keskendudes hingamisele, tunnetusele ja liigutuste kvaliteedile, mitte suurtele raskustele ja kiirusele. Selle treeningmeetodi looja, Joseph Pilates, uskus, et liikumine peab olema tasakaalus j\u00f5u, painduvuse ja kontrolliga. [&hellip;]<\/p>\n","protected":false},"author":1,"featured_media":0,"parent":0,"menu_order":0,"comment_status":"closed","ping_status":"open","template":"","meta":{"_crdt_document":"","footnotes":""},"class_list":["post-2","page","type-page","status-publish","hentry"],"_links":{"self":[{"href":"https:\/\/www.mpilates.ee\/index.php\/wp-json\/wp\/v2\/pages\/2","targetHints":{"allow":["GET"]}}],"collection":[{"href":"https:\/\/www.mpilates.ee\/index.php\/wp-json\/wp\/v2\/pages"}],"about":[{"href":"https:\/\/www.mpilates.ee\/index.php\/wp-json\/wp\/v2\/types\/page"}],"author":[{"embeddable":true,"href":"https:\/\/www.mpilates.ee\/index.php\/wp-json\/wp\/v2\/users\/1"}],"replies":[{"embeddable":true,"href":"https:\/\/www.mpilates.ee\/index.php\/wp-json\/wp\/v2\/comments?post=2"}],"version-history":[{"count":2,"href":"https:\/\/www.mpilates.ee\/index.php\/wp-json\/wp\/v2\/pages\/2\/revisions"}],"predecessor-version":[{"id":71,"href":"https:\/\/www.mpilates.ee\/index.php\/wp-json\/wp\/v2\/pages\/2\/revisions\/71"}],"wp:attachment":[{"href":"https:\/\/www.mpilates.ee\/index.php\/wp-json\/wp\/v2\/media?parent=2"}],"curies":[{"name":"wp","href":"https:\/\/api.w.org\/{rel}","templated":true}]}}